{"id":22591,"date":"2016-03-10T18:52:12","date_gmt":"2016-03-10T23:52:12","guid":{"rendered":"https:\/\/immo1.ca\/politique-de-confidentialite\/"},"modified":"2025-06-03T09:24:21","modified_gmt":"2025-06-03T14:24:21","slug":"politique-de-confidentialite","status":"publish","type":"page","link":"https:\/\/immo1.ca\/fr\/politique-de-confidentialite\/","title":{"rendered":"Politique de confidentialit\u00e9"},"content":{"rendered":"\t\t<div data-elementor-type=\"wp-page\" data-elementor-id=\"22591\" class=\"elementor elementor-22591 elementor-748\" data-elementor-post-type=\"page\">\n\t\t\t\t<div class=\"elementor-element elementor-element-c8f4a48 animated-slow e-con-full e-flex elementor-invisible e-con e-parent\" data-id=\"c8f4a48\" data-element_type=\"container\" data-e-type=\"container\" data-settings=\"{&quot;background_background&quot;:&quot;classic&quot;,&quot;animation&quot;:&quot;fadeIn&quot;}\">\n\t\t<div class=\"elementor-element elementor-element-75c87db e-con-full e-flex e-con e-child\" data-id=\"75c87db\" data-element_type=\"container\" data-e-type=\"container\" data-settings=\"{&quot;background_background&quot;:&quot;classic&quot;}\">\n\t\t\t\t<div class=\"elementor-element elementor-element-119fbb5 elementor-widget elementor-widget-heading\" data-id=\"119fbb5\" data-element_type=\"widget\" data-e-type=\"widget\" data-widget_type=\"heading.default\">\n\t\t\t\t<div class=\"elementor-widget-container\">\n\t\t\t\t\t<h1 class=\"elementor-heading-title elementor-size-default\">Politique de confidentialit\u00e9<\/h1>\t\t\t\t<\/div>\n\t\t\t\t<\/div>\n\t\t\t\t<\/div>\n\t\t\t\t<\/div>\n\t\t<div class=\"elementor-element elementor-element-993227b e-flex e-con-boxed e-con e-parent\" data-id=\"993227b\" data-element_type=\"container\" data-e-type=\"container\" data-settings=\"{&quot;background_background&quot;:&quot;classic&quot;}\">\n\t\t\t\t\t<div class=\"e-con-inner\">\n\t\t\t\t<div class=\"elementor-element elementor-element-90fe3db elementor-widget elementor-widget-text-editor\" data-id=\"90fe3db\" data-element_type=\"widget\" data-e-type=\"widget\" data-widget_type=\"text-editor.default\">\n\t\t\t\t<div class=\"elementor-widget-container\">\n\t\t\t\t\t\t\t\t\t<p>Nous comprenons que l&#8217;internet a le pouvoir de changer votre vie et de vous faciliter les choses. Ces avantages sont menac\u00e9s si les gens sont soucieux du respect de leur vie priv\u00e9e. Nous nous engageons \u00e0 vous fournir une exp\u00e9rience Internet qui respecte et prot\u00e8ge vos choix et pr\u00e9occupations concernant votre vie priv\u00e9e. En g\u00e9n\u00e9ral, nous recueillons des informations sur l&#8217;ensemble de nos utilisateurs. Nous n&#8217;utilisons ces informations que de mani\u00e8re anonyme et globale. Ces informations nous aident \u00e0 d\u00e9terminer ce qui est le plus b\u00e9n\u00e9fique pour nos utilisateurs et comment nous pouvons continuellement am\u00e9liorer votre exp\u00e9rience g\u00e9n\u00e9rale.     <\/p>\n<p><b>Liens de courriel<\/b><\/p>\n<p>Ce site fournit un lien vers une adresse \u00e9lectronique sur diverses parties et pages afin que vous puissiez nous envoyer directement un courriel pour toute question ou commentaire. Ce site lit tous les messages re\u00e7us et s&#8217;efforce d&#8217;y r\u00e9pondre rapidement. En plus de r\u00e9pondre \u00e0 votre commentaire ou \u00e0 votre demande, nous pouvons \u00e9galement conserver votre courriel pour r\u00e9f\u00e9rence future concernant les am\u00e9liorations de notre site web ou disposer de l&#8217;information.  <\/p>\n<p><b>Collecte et utilisation des informations<\/b><\/p>\n<p>Ce site est le seul propri\u00e9taire des informations collect\u00e9es. Nous ne vendrons pas, ne partagerons pas, n&#8217;\u00e9changerons pas et ne louerons pas ces informations \u00e0 d&#8217;autres personnes d&#8217;une mani\u00e8re diff\u00e9rente de celle d\u00e9crite dans la pr\u00e9sente d\u00e9claration. Ce site recueille des informations aupr\u00e8s de ses utilisateurs \u00e0 diff\u00e9rents endroits de son site web. Nous recueillons UNIQUEMENT les informations personnelles n\u00e9cessaires pour promouvoir et vendre efficacement les propri\u00e9t\u00e9s des vendeurs, pour rechercher, \u00e9valuer et qualifier les propri\u00e9t\u00e9s pour les acheteurs et pour fournir des conseils et des services professionnels aux clients et aux consommateurs. Nous ne vendons, ne commercialisons, ne transf\u00e9rons, ne louons ni n&#8217;\u00e9changeons vos informations personnelles avec qui que ce soit.    <\/p>\n<p><b>Outils, rapports, r\u00e9f\u00e9rences et calculatrices<\/b><\/p>\n<p>Ce site \u00e9tant un site d\u00e9di\u00e9 au secteur immobilier, nous vous offrons la possibilit\u00e9 de demander des informations GRATUITES sur l&#8217;immobilier en g\u00e9n\u00e9ral, sur les r\u00e9glementations et sur des propri\u00e9t\u00e9s sp\u00e9cifiques. Ces informations sont mises \u00e0 jour et fournies au mieux de nos connaissances. Toute information partag\u00e9e sur ce site ne peut \u00eatre consid\u00e9r\u00e9e comme une responsabilit\u00e9 et ne doit \u00eatre utilis\u00e9e qu&#8217;\u00e0 titre de r\u00e9f\u00e9rence. Vos informations personnelles sont sauvegard\u00e9es dans notre base de donn\u00e9es s\u00e9curis\u00e9e. Nous recueillons UNIQUEMENT les informations personnelles n\u00e9cessaires pour commercialiser et vendre efficacement les propri\u00e9t\u00e9s des vendeurs, pour localiser, \u00e9valuer et qualifier les propri\u00e9t\u00e9s pour les acheteurs et pour fournir des services professionnels aux clients. Nous ne vendons, ne commercialisons, ne transf\u00e9rons, ne louons ni n&#8217;\u00e9changeons vos informations personnelles avec qui que ce soit.     <\/p>\n<p><b>Informations personnelles<\/b><\/p>\n<p>Les fonctionnalit\u00e9s de ce site exigent des utilisateurs qu&#8217;ils nous fournissent des informations de contact (telles que leur adresse courriel et leur num\u00e9ro de t\u00e9l\u00e9phone) et des informations personnelles (telles que leur nom, leur adresse et les d\u00e9tails de leur propri\u00e9t\u00e9). Les coordonn\u00e9es et les informations personnelles du visiteur sont utilis\u00e9es pour le contacter lorsque cela est n\u00e9cessaire et demand\u00e9, mais sont principalement utilis\u00e9es pour collecter les informations personnelles n\u00e9cessaires pour promouvoir et vendre efficacement les propri\u00e9t\u00e9s des vendeurs, pour rechercher, \u00e9valuer et qualifier les propri\u00e9t\u00e9s pour les acheteurs et pour fournir des services professionnels aux clients et aux consommateurs. Nous ne vendons, ne commercialisons, ne transf\u00e9rons, ne louons ni n&#8217;\u00e9changeons vos informations personnelles avec qui que ce soit. Nous ne divulguons pas d&#8217;informations sur vos visites individuelles sur ce site, ni d&#8217;informations personnelles que vous fournissez, telles que votre nom, votre adresse, votre adresse courriel, votre num\u00e9ro de t\u00e9l\u00e9phone, etc. \u00e0 des tiers, sauf si nous pensons que la loi l&#8217;exige.   <\/p>\n<p><b>Avis de non-responsabilit\u00e9<\/b><\/p>\n<p>Nous pouvons divulguer des informations personnelles si la loi l&#8217;exige ou si nous pensons en toute bonne foi qu&#8217;une telle action est n\u00e9cessaire pour nous conformer aux \u00e9dits de la loi ou pour respecter une proc\u00e9dure l\u00e9gale appliqu\u00e9e \u00e0 notre site web.<\/p>\n<p><b>Se d\u00e9sinscrire<\/b><\/p>\n<p>Ce site offre aux utilisateurs la possibilit\u00e9 de se d\u00e9sinscrire de notre liste de diffusion \u00e0 partir de leur compte. Pour ce faire, cliquez sur le lien de d\u00e9sinscription qui se trouve au bas de tous les courriels que vous recevez de notre part. Il vous suffit d&#8217;indiquer votre adresse \u00e9lectronique et de cliquer sur \u00ab Envoyer \u00bb ; vous ne recevrez plus de courriels \u00e0 votre adresse \u00e9lectronique.  <\/p>\n<p><b>Liens<\/b><\/p>\n<p>Ce site contient des liens vers d&#8217;autres sites. Ces sites ont leurs propres politiques et pratiques en mati\u00e8re de confidentialit\u00e9 en ligne, et ce site ne peut \u00eatre tenu responsable des pratiques en mati\u00e8re de confidentialit\u00e9 ou du contenu de ces sites Web. En outre, dans certains cas, une plateforme tierce ou un annonceur sur ce site peut vous demander des informations personnelles. Ce site ne peut \u00eatre tenu responsable des pratiques de confidentialit\u00e9 de ses annonceurs. Seuls certains employ\u00e9s ont acc\u00e8s aux informations que vous nous fournissez. Par exemple, nous imposons des r\u00e8gles strictes \u00e0 nos employ\u00e9s qui ont acc\u00e8s aux bases de donn\u00e9es qui sauvegardent les informations des utilisateurs ou aux serveurs qui h\u00e9bergent nos services. Bien que nous ne puissions garantir l&#8217;absence de perte, d&#8217;utilisation abusive ou d&#8217;alt\u00e9ration des donn\u00e9es, nous nous effor\u00e7ons de pr\u00e9venir ces \u00e9v\u00e9nements regrettables.      <\/p>\n<p><b>Avis de changement<\/b><\/p>\n<p>Cette politique peut \u00eatre modifi\u00e9e au fil du temps, \u00e0 mesure que de nouvelles fonctionnalit\u00e9s sont ajout\u00e9es au site web. Nous publierons ces modifications afin que vous sachiez toujours quelles informations nous recueillons, comment nous pouvons les utiliser et si nous les divulguons \u00e0 qui que ce soit. Veuillez consulter ce site pour obtenir des informations sur les modifications apport\u00e9es \u00e0 notre politique de confidentialit\u00e9. Nous vous informerons directement en cas de changement important dans nos pratiques en mati\u00e8re de protection de la vie priv\u00e9e. Nous prendrons des mesures commercialement raisonnables pour obtenir le consentement \u00e9crit ou actif par courriel de l&#8217;utilisateur si ce site utilise les informations collect\u00e9es aupr\u00e8s de l&#8217;utilisateur d&#8217;une mani\u00e8re diff\u00e9rente de celle indiqu\u00e9e au moment de la collecte. Nous publierons \u00e9galement les modifications dans notre d\u00e9claration de confidentialit\u00e9 10 jours avant le changement.     <\/p>\n<p><b>T\u00e9moins<\/b><\/p>\n<p><b>Ce site web utilise les t\u00e9moins de connexion suivants :<\/b><\/p>\n<p><b>Google Analytics :<\/b><\/p>\n<p>Ce t\u00e9moin nous permet d&#8217;obtenir des informations sur les activit\u00e9s des utilisateurs sur le site web, y compris, mais sans s&#8217;y limiter, les pages consult\u00e9es, la source et le temps pass\u00e9 sur les sites web. Les informations sont d\u00e9personnalis\u00e9es et affich\u00e9es sous forme de chiffres, ce qui signifie qu&#8217;elles ne permettent pas de remonter \u00e0 des individus. Cela permet de prot\u00e9ger votre vie priv\u00e9e. Gr\u00e2ce \u00e0 Google Analytics, nous pouvons voir quel contenu est populaire sur notre site web et nous efforcer de vous offrir davantage de contenus que vous aimez lire et regarder.   <\/p>\n<p><b>Google AdWords :<\/b><\/p>\n<p>Gr\u00e2ce au code Google AdWords, nous sommes en mesure de voir quelles pages ont contribu\u00e9 \u00e0 l&#8217;envoi de formulaires de contact. Cela nous permet de mieux utiliser notre budget de recherche payante. <\/p>\n<p><b>Retrait et acc\u00e8s aux informations personnelles<\/b><\/p>\n<p>Nous nous engageons \u00e0 supprimer toute information personnelle d\u00e8s que cela est raisonnablement possible. Si vous souhaitez demander l&#8217;effacement de vos donn\u00e9es personnelles, veuillez adresser une demande \u00e9crite \u00e0 Adib Nachab\u00e9 \u00e0 l&#8217;adresse indiqu\u00e9e ci-dessous. Chaque demande sera valid\u00e9e et il vous sera demand\u00e9 de fournir certaines informations personnelles pour des raisons de s\u00e9curit\u00e9. Veuillez noter qu&#8217;Adib Nachab\u00e9 a le droit de refuser et de fournir une explication pour chaque demande refus\u00e9e.<\/p>\n<p><b>Affiliation<\/b><\/p>\n<p>\u00c9tant donn\u00e9 que nous faisons partie de Royal LePage Du Quartier &#8211; Agence immobili\u00e8re, ce site web et l&#8217;ensemble de son contenu et de ses donn\u00e9es sont par d\u00e9faut sous le contr\u00f4le de son administration. Si vous souhaitez obtenir de plus amples informations sur l&#8217;agence et sa politique g\u00e9n\u00e9rale en mati\u00e8re de protection de la vie priv\u00e9e, veuillez consulter le site : https:\/\/www.rlpduquartier.com\/POLITIQUE-DE-CONFIDENTIALITE#  <\/p>\n<p><b>Questions sur la protection de la vie priv\u00e9e<\/b><\/p>\n<p>Si vous avez des questions concernant notre politique de confidentialit\u00e9, veuillez nous envoyer un courriel et nous nous ferons un plaisir de vous aider.<\/p>\n<p><b> <\/b><\/p>\n\t\t\t\t\t\t\t\t<\/div>\n\t\t\t\t<\/div>\n\t\t\t\t\t<\/div>\n\t\t\t\t<\/div>\n\t\t\t\t<\/div>\n\t\t","protected":false},"excerpt":{"rendered":"<p>Politique de confidentialit\u00e9 Nous comprenons que l&#8217;internet a le pouvoir de changer votre vie et de vous faciliter les choses. Ces avantages sont menac\u00e9s si les gens sont soucieux du respect de leur vie priv\u00e9e. Nous nous engageons \u00e0 vous fournir une exp\u00e9rience Internet qui respecte et prot\u00e8ge vos choix et pr\u00e9occupations concernant votre vie [&hellip;]<\/p>\n","protected":false},"author":1,"featured_media":24436,"parent":0,"menu_order":0,"comment_status":"closed","ping_status":"closed","template":"","meta":{"nf_dc_page":"","content-type":"","_monsterinsights_skip_tracking":false,"_monsterinsights_sitenote_active":false,"_monsterinsights_sitenote_note":"","_monsterinsights_sitenote_category":0,"footnotes":""},"class_list":["post-22591","page","type-page","status-publish","has-post-thumbnail","hentry"],"yoast_head":"<!-- This site is optimized with the Yoast SEO Premium plugin v26.7 (Yoast SEO v27.2) - https:\/\/yoast.com\/product\/yoast-seo-premium-wordpress\/ -->\n<title>Politique de confidentialit\u00e9 | \u00c9quipe Han + Adib<\/title>\n<meta name=\"robots\" content=\"index, follow, max-snippet:-1, max-image-preview:large, max-video-preview:-1\" \/>\n<link rel=\"canonical\" href=\"https:\/\/immo1.ca\/fr\/politique-de-confidentialite\/\" \/>\n<meta property=\"og:locale\" content=\"fr_FR\" \/>\n<meta property=\"og:type\" content=\"article\" \/>\n<meta property=\"og:title\" content=\"Politique de confidentialit\u00e9\" \/>\n<meta property=\"og:description\" content=\"Politique de confidentialit\u00e9 Nous comprenons que l&#8217;internet a le pouvoir de changer votre vie et de vous faciliter les choses. Ces avantages sont menac\u00e9s si les gens sont soucieux du respect de leur vie priv\u00e9e. Nous nous engageons \u00e0 vous fournir une exp\u00e9rience Internet qui respecte et prot\u00e8ge vos choix et pr\u00e9occupations concernant votre vie [&hellip;]\" \/>\n<meta property=\"og:url\" content=\"https:\/\/immo1.ca\/fr\/politique-de-confidentialite\/\" \/>\n<meta property=\"og:site_name\" content=\"\u00c9quipe Han + Adib\" \/>\n<meta property=\"article:publisher\" content=\"https:\/\/www.facebook.com\/equipe.immo1\" \/>\n<meta property=\"article:modified_time\" content=\"2025-06-03T14:24:21+00:00\" \/>\n<meta property=\"og:image\" content=\"https:\/\/immo1.ca\/wp-content\/uploads\/2025\/06\/immo1-courtiers-immobiliers-multiprimes-a-montreal.webp\" \/>\n\t<meta property=\"og:image:width\" content=\"1428\" \/>\n\t<meta property=\"og:image:height\" content=\"630\" \/>\n\t<meta property=\"og:image:type\" content=\"image\/webp\" \/>\n<meta name=\"twitter:card\" content=\"summary_large_image\" \/>\n<meta name=\"twitter:label1\" content=\"Dur\u00e9e de lecture estim\u00e9e\" \/>\n\t<meta name=\"twitter:data1\" content=\"6 minutes\" \/>\n<script type=\"application\/ld+json\" class=\"yoast-schema-graph\">{\"@context\":\"https:\/\/schema.org\",\"@graph\":[{\"@type\":\"WebPage\",\"@id\":\"https:\/\/immo1.ca\/fr\/politique-de-confidentialite\/\",\"url\":\"https:\/\/immo1.ca\/fr\/politique-de-confidentialite\/\",\"name\":\"Politique de confidentialit\u00e9 | \u00c9quipe Han + Adib\",\"isPartOf\":{\"@id\":\"https:\/\/immo1.ca\/fr\/#website\"},\"primaryImageOfPage\":{\"@id\":\"https:\/\/immo1.ca\/fr\/politique-de-confidentialite\/#primaryimage\"},\"image\":{\"@id\":\"https:\/\/immo1.ca\/fr\/politique-de-confidentialite\/#primaryimage\"},\"thumbnailUrl\":\"https:\/\/immo1.ca\/wp-content\/uploads\/2025\/06\/immo1-courtiers-immobiliers-multiprimes-a-montreal.webp\",\"datePublished\":\"2016-03-10T23:52:12+00:00\",\"dateModified\":\"2025-06-03T14:24:21+00:00\",\"breadcrumb\":{\"@id\":\"https:\/\/immo1.ca\/fr\/politique-de-confidentialite\/#breadcrumb\"},\"inLanguage\":\"fr-FR\",\"potentialAction\":[{\"@type\":\"ReadAction\",\"target\":[\"https:\/\/immo1.ca\/fr\/politique-de-confidentialite\/\"]}]},{\"@type\":\"ImageObject\",\"inLanguage\":\"fr-FR\",\"@id\":\"https:\/\/immo1.ca\/fr\/politique-de-confidentialite\/#primaryimage\",\"url\":\"https:\/\/immo1.ca\/wp-content\/uploads\/2025\/06\/immo1-courtiers-immobiliers-multiprimes-a-montreal.webp\",\"contentUrl\":\"https:\/\/immo1.ca\/wp-content\/uploads\/2025\/06\/immo1-courtiers-immobiliers-multiprimes-a-montreal.webp\",\"width\":1428,\"height\":630},{\"@type\":\"BreadcrumbList\",\"@id\":\"https:\/\/immo1.ca\/fr\/politique-de-confidentialite\/#breadcrumb\",\"itemListElement\":[{\"@type\":\"ListItem\",\"position\":1,\"name\":\"Home\",\"item\":\"https:\/\/immo1.ca\/fr\/\"},{\"@type\":\"ListItem\",\"position\":2,\"name\":\"Politique de confidentialit\u00e9\"}]},{\"@type\":\"WebSite\",\"@id\":\"https:\/\/immo1.ca\/fr\/#website\",\"url\":\"https:\/\/immo1.ca\/fr\/\",\"name\":\"IMMO1 \u2013 Courtiers immobiliers \u00e0 Montr\u00e9al | Montreal Real Estate\",\"description\":\"Courtiers immobiliers multiprim\u00e9s \u00e0 Montr\u00e9al\",\"publisher\":{\"@id\":\"https:\/\/immo1.ca\/fr\/#organization\"},\"alternateName\":\"IMMO1\",\"potentialAction\":[{\"@type\":\"SearchAction\",\"target\":{\"@type\":\"EntryPoint\",\"urlTemplate\":\"https:\/\/immo1.ca\/fr\/?s={search_term_string}\"},\"query-input\":{\"@type\":\"PropertyValueSpecification\",\"valueRequired\":true,\"valueName\":\"search_term_string\"}}],\"inLanguage\":\"fr-FR\"},{\"@type\":[\"Organization\",\"Place\",\"RealEstateAgent\"],\"@id\":\"https:\/\/immo1.ca\/fr\/#organization\",\"name\":\"\u00c9quipe IMMO1 Team\",\"alternateName\":\"IMMO 1\",\"url\":\"https:\/\/immo1.ca\/fr\/\",\"logo\":{\"@id\":\"https:\/\/immo1.ca\/fr\/politique-de-confidentialite\/#local-main-organization-logo\"},\"image\":{\"@id\":\"https:\/\/immo1.ca\/fr\/politique-de-confidentialite\/#local-main-organization-logo\"},\"sameAs\":[\"https:\/\/www.facebook.com\/equipe.immo1\",\"https:\/\/www.instagram.com\/equipe.immo1\",\"https:\/\/www.youtube.com\/@equipe.immo1\",\"https:\/\/www.linkedin.com\/company\/equipe-immo1\",\"https:\/\/www.tiktok.com\/@equipe.immo1\"],\"description\":\"We are a dynamic team of real estate brokers with over 20 years of experience and a passion for helping people sell, buy, invest or lease their homes at the best price, in the shortest time, and in optimum conditions - Worry-free!\",\"address\":{\"@id\":\"https:\/\/immo1.ca\/fr\/politique-de-confidentialite\/#local-main-place-address\"},\"geo\":{\"@type\":\"GeoCoordinates\",\"latitude\":\"45.48211\",\"longitude\":\"-73.69748\"},\"telephone\":[\"+1 (438) 900-8880\"],\"contactPoint\":{\"@type\":\"ContactPoint\",\"telephone\":\"+1 (514) 224-7754\",\"email\":\"adib@immo1.ca\"},\"openingHoursSpecification\":[{\"@type\":\"OpeningHoursSpecification\",\"dayOfWeek\":[\"Monday\",\"Tuesday\",\"Wednesday\",\"Thursday\",\"Friday\"],\"opens\":\"08:00\",\"closes\":\"21:00\"},{\"@type\":\"OpeningHoursSpecification\",\"dayOfWeek\":[\"Saturday\"],\"opens\":\"09:00\",\"closes\":\"12:00\"},{\"@type\":\"OpeningHoursSpecification\",\"dayOfWeek\":[\"Sunday\"],\"opens\":\"12:00\",\"closes\":\"17:00\"}],\"email\":\"info@immo1.ca\",\"areaServed\":\"Greater Montreal\"},{\"@type\":\"PostalAddress\",\"@id\":\"https:\/\/immo1.ca\/fr\/politique-de-confidentialite\/#local-main-place-address\",\"streetAddress\":\"6971 C\u00f4te-de-Liesse Rd\",\"addressLocality\":\"Montreal\",\"postalCode\":\"H4T 1Z3\",\"addressRegion\":\"Quebec\",\"addressCountry\":\"CA\"},{\"@type\":\"ImageObject\",\"inLanguage\":\"fr-FR\",\"@id\":\"https:\/\/immo1.ca\/fr\/politique-de-confidentialite\/#local-main-organization-logo\",\"url\":\"https:\/\/immo1.ca\/wp-content\/uploads\/2025\/06\/IMMO1-Icon-WR.svg\",\"contentUrl\":\"https:\/\/immo1.ca\/wp-content\/uploads\/2025\/06\/IMMO1-Icon-WR.svg\",\"width\":512,\"height\":512,\"caption\":\"\u00c9quipe IMMO1 Team\"}]}<\/script>\n<meta name=\"geo.placename\" content=\"Montreal\" \/>\n<meta name=\"geo.position\" content=\"45.48211;-73.69748\" \/>\n<meta name=\"geo.region\" content=\"Canada\" \/>\n<!-- \/ Yoast SEO Premium plugin. -->","yoast_head_json":{"title":"Politique de confidentialit\u00e9 | \u00c9quipe Han + Adib","robots":{"index":"index","follow":"follow","max-snippet":"max-snippet:-1","max-image-preview":"max-image-preview:large","max-video-preview":"max-video-preview:-1"},"canonical":"https:\/\/immo1.ca\/fr\/politique-de-confidentialite\/","og_locale":"fr_FR","og_type":"article","og_title":"Politique de confidentialit\u00e9","og_description":"Politique de confidentialit\u00e9 Nous comprenons que l&#8217;internet a le pouvoir de changer votre vie et de vous faciliter les choses. Ces avantages sont menac\u00e9s si les gens sont soucieux du respect de leur vie priv\u00e9e. Nous nous engageons \u00e0 vous fournir une exp\u00e9rience Internet qui respecte et prot\u00e8ge vos choix et pr\u00e9occupations concernant votre vie [&hellip;]","og_url":"https:\/\/immo1.ca\/fr\/politique-de-confidentialite\/","og_site_name":"\u00c9quipe Han + Adib","article_publisher":"https:\/\/www.facebook.com\/equipe.immo1","article_modified_time":"2025-06-03T14:24:21+00:00","og_image":[{"width":1428,"height":630,"url":"https:\/\/immo1.ca\/wp-content\/uploads\/2025\/06\/immo1-courtiers-immobiliers-multiprimes-a-montreal.webp","type":"image\/webp"}],"twitter_card":"summary_large_image","twitter_misc":{"Dur\u00e9e de lecture estim\u00e9e":"6 minutes"},"schema":{"@context":"https:\/\/schema.org","@graph":[{"@type":"WebPage","@id":"https:\/\/immo1.ca\/fr\/politique-de-confidentialite\/","url":"https:\/\/immo1.ca\/fr\/politique-de-confidentialite\/","name":"Politique de confidentialit\u00e9 | \u00c9quipe Han + Adib","isPartOf":{"@id":"https:\/\/immo1.ca\/fr\/#website"},"primaryImageOfPage":{"@id":"https:\/\/immo1.ca\/fr\/politique-de-confidentialite\/#primaryimage"},"image":{"@id":"https:\/\/immo1.ca\/fr\/politique-de-confidentialite\/#primaryimage"},"thumbnailUrl":"https:\/\/immo1.ca\/wp-content\/uploads\/2025\/06\/immo1-courtiers-immobiliers-multiprimes-a-montreal.webp","datePublished":"2016-03-10T23:52:12+00:00","dateModified":"2025-06-03T14:24:21+00:00","breadcrumb":{"@id":"https:\/\/immo1.ca\/fr\/politique-de-confidentialite\/#breadcrumb"},"inLanguage":"fr-FR","potentialAction":[{"@type":"ReadAction","target":["https:\/\/immo1.ca\/fr\/politique-de-confidentialite\/"]}]},{"@type":"ImageObject","inLanguage":"fr-FR","@id":"https:\/\/immo1.ca\/fr\/politique-de-confidentialite\/#primaryimage","url":"https:\/\/immo1.ca\/wp-content\/uploads\/2025\/06\/immo1-courtiers-immobiliers-multiprimes-a-montreal.webp","contentUrl":"https:\/\/immo1.ca\/wp-content\/uploads\/2025\/06\/immo1-courtiers-immobiliers-multiprimes-a-montreal.webp","width":1428,"height":630},{"@type":"BreadcrumbList","@id":"https:\/\/immo1.ca\/fr\/politique-de-confidentialite\/#breadcrumb","itemListElement":[{"@type":"ListItem","position":1,"name":"Home","item":"https:\/\/immo1.ca\/fr\/"},{"@type":"ListItem","position":2,"name":"Politique de confidentialit\u00e9"}]},{"@type":"WebSite","@id":"https:\/\/immo1.ca\/fr\/#website","url":"https:\/\/immo1.ca\/fr\/","name":"IMMO1 \u2013 Courtiers immobiliers \u00e0 Montr\u00e9al | Montreal Real Estate","description":"Courtiers immobiliers multiprim\u00e9s \u00e0 Montr\u00e9al","publisher":{"@id":"https:\/\/immo1.ca\/fr\/#organization"},"alternateName":"IMMO1","potentialAction":[{"@type":"SearchAction","target":{"@type":"EntryPoint","urlTemplate":"https:\/\/immo1.ca\/fr\/?s={search_term_string}"},"query-input":{"@type":"PropertyValueSpecification","valueRequired":true,"valueName":"search_term_string"}}],"inLanguage":"fr-FR"},{"@type":["Organization","Place","RealEstateAgent"],"@id":"https:\/\/immo1.ca\/fr\/#organization","name":"\u00c9quipe IMMO1 Team","alternateName":"IMMO 1","url":"https:\/\/immo1.ca\/fr\/","logo":{"@id":"https:\/\/immo1.ca\/fr\/politique-de-confidentialite\/#local-main-organization-logo"},"image":{"@id":"https:\/\/immo1.ca\/fr\/politique-de-confidentialite\/#local-main-organization-logo"},"sameAs":["https:\/\/www.facebook.com\/equipe.immo1","https:\/\/www.instagram.com\/equipe.immo1","https:\/\/www.youtube.com\/@equipe.immo1","https:\/\/www.linkedin.com\/company\/equipe-immo1","https:\/\/www.tiktok.com\/@equipe.immo1"],"description":"We are a dynamic team of real estate brokers with over 20 years of experience and a passion for helping people sell, buy, invest or lease their homes at the best price, in the shortest time, and in optimum conditions - Worry-free!","address":{"@id":"https:\/\/immo1.ca\/fr\/politique-de-confidentialite\/#local-main-place-address"},"geo":{"@type":"GeoCoordinates","latitude":"45.48211","longitude":"-73.69748"},"telephone":["+1 (438) 900-8880"],"contactPoint":{"@type":"ContactPoint","telephone":"+1 (514) 224-7754","email":"adib@immo1.ca"},"openingHoursSpecification":[{"@type":"OpeningHoursSpecification","dayOfWeek":["Monday","Tuesday","Wednesday","Thursday","Friday"],"opens":"08:00","closes":"21:00"},{"@type":"OpeningHoursSpecification","dayOfWeek":["Saturday"],"opens":"09:00","closes":"12:00"},{"@type":"OpeningHoursSpecification","dayOfWeek":["Sunday"],"opens":"12:00","closes":"17:00"}],"email":"info@immo1.ca","areaServed":"Greater Montreal"},{"@type":"PostalAddress","@id":"https:\/\/immo1.ca\/fr\/politique-de-confidentialite\/#local-main-place-address","streetAddress":"6971 C\u00f4te-de-Liesse Rd","addressLocality":"Montreal","postalCode":"H4T 1Z3","addressRegion":"Quebec","addressCountry":"CA"},{"@type":"ImageObject","inLanguage":"fr-FR","@id":"https:\/\/immo1.ca\/fr\/politique-de-confidentialite\/#local-main-organization-logo","url":"https:\/\/immo1.ca\/wp-content\/uploads\/2025\/06\/IMMO1-Icon-WR.svg","contentUrl":"https:\/\/immo1.ca\/wp-content\/uploads\/2025\/06\/IMMO1-Icon-WR.svg","width":512,"height":512,"caption":"\u00c9quipe IMMO1 Team"}]},"geo.placename":"Montreal","geo.position":{"lat":"45.48211","long":"-73.69748"},"geo.region":"Canada"},"_links":{"self":[{"href":"https:\/\/immo1.ca\/fr\/wp-json\/wp\/v2\/pages\/22591","targetHints":{"allow":["GET"]}}],"collection":[{"href":"https:\/\/immo1.ca\/fr\/wp-json\/wp\/v2\/pages"}],"about":[{"href":"https:\/\/immo1.ca\/fr\/wp-json\/wp\/v2\/types\/page"}],"author":[{"embeddable":true,"href":"https:\/\/immo1.ca\/fr\/wp-json\/wp\/v2\/users\/1"}],"replies":[{"embeddable":true,"href":"https:\/\/immo1.ca\/fr\/wp-json\/wp\/v2\/comments?post=22591"}],"version-history":[{"count":0,"href":"https:\/\/immo1.ca\/fr\/wp-json\/wp\/v2\/pages\/22591\/revisions"}],"wp:featuredmedia":[{"embeddable":true,"href":"https:\/\/immo1.ca\/fr\/wp-json\/wp\/v2\/media\/24436"}],"wp:attachment":[{"href":"https:\/\/immo1.ca\/fr\/wp-json\/wp\/v2\/media?parent=22591"}],"curies":[{"name":"wp","href":"https:\/\/api.w.org\/{rel}","templated":true}]}}