{"id":22613,"date":"2024-11-28T21:50:01","date_gmt":"2024-11-29T02:50:01","guid":{"rendered":"https:\/\/immo1.ca\/consultation-immobiliere\/"},"modified":"2025-06-03T09:19:01","modified_gmt":"2025-06-03T14:19:01","slug":"consultation-immobiliere","status":"publish","type":"page","link":"https:\/\/immo1.ca\/fr\/consultation-immobiliere\/","title":{"rendered":"Consultation immobili\u00e8re"},"content":{"rendered":"\t\t<div data-elementor-type=\"wp-page\" data-elementor-id=\"22613\" class=\"elementor elementor-22613 elementor-19445\" data-elementor-post-type=\"page\">\n\t\t\t\t<div class=\"elementor-element elementor-element-8dfb92c e-flex e-con-boxed e-con e-parent\" data-id=\"8dfb92c\" data-element_type=\"container\" data-e-type=\"container\">\n\t\t\t\t\t<div class=\"e-con-inner\">\n\t\t\t\t<div class=\"elementor-element elementor-element-8ec6fcf elementor-widget elementor-widget-houzez_elementor_section_title\" data-id=\"8ec6fcf\" data-element_type=\"widget\" data-e-type=\"widget\" data-widget_type=\"houzez_elementor_section_title.default\">\n\t\t\t\t<div class=\"elementor-widget-container\">\n\t\t\t\t\t            <div class=\"houzez_section_title_wrap section-title-module\">\n                                    <h2 class=\"houzez_section_title\">R\u00e9servez votre consultation immobili\u00e8re gratuite,<br>sans aucune obligation de votre part <\/h2>\n                \n                                    <p class=\"houzez_section_subtitle\">D\u00e9couvrez comment notre expertise peut vous aider \u00e0 naviguer sur le march\u00e9 de l'immobilier en toute confiance. Que vous achetiez, vendiez ou exploriez simplement vos options, nous sommes l\u00e0 pour vous fournir des conseils personnalis\u00e9s, adapt\u00e9s \u00e0 vos besoins, et ce, gratuitement et sans aucune obligation d'engagement.<\/p>\n                            <\/div>\n            \t\t\t\t<\/div>\n\t\t\t\t<\/div>\n\t\t\t\t\t<\/div>\n\t\t\t\t<\/div>\n\t\t<div class=\"elementor-element elementor-element-9e08dea e-con-full e-flex e-con e-parent\" data-id=\"9e08dea\" data-element_type=\"container\" data-e-type=\"container\">\n\t\t\t\t<div class=\"elementor-element elementor-element-5e892b6 elementor-widget elementor-widget-hubspot-meeting\" data-id=\"5e892b6\" data-element_type=\"widget\" data-e-type=\"widget\" data-widget_type=\"hubspot-meeting.default\">\n\t\t\t\t<div class=\"elementor-widget-container\">\n\t\t\t\t\t\n\t\t<div class=\"meetings-iframe-container\" data-src=\"https:\/\/meetings.hubspot.com\/adib-nachabe?embed=true\"><\/div>\n\t\t<script>\n\t\t\tif(window.hbspt && window.hbspt.meetings){\n\t\t\t\twindow.hbspt.meetings.create(\".meetings-iframe-container\");\n\t\t\t}\n\t\t\t<\/script>\n\t\t\t\t\t\t<\/div>\n\t\t\t\t<\/div>\n\t\t\t\t<\/div>\n\t\t<div class=\"elementor-element elementor-element-4e3255d e-flex e-con-boxed e-con e-parent\" data-id=\"4e3255d\" data-element_type=\"container\" data-e-type=\"container\">\n\t\t\t\t\t<div class=\"e-con-inner\">\n\t\t\t\t<div class=\"elementor-element elementor-element-e5d7243 elementor-widget elementor-widget-houzez_elementor_section_title\" data-id=\"e5d7243\" data-element_type=\"widget\" data-e-type=\"widget\" data-widget_type=\"houzez_elementor_section_title.default\">\n\t\t\t\t<div class=\"elementor-widget-container\">\n\t\t\t\t\t            <div class=\"houzez_section_title_wrap section-title-module\">\n                \n                                    <p class=\"houzez_section_subtitle\">Si vous ne trouvez pas un rendez-vous qui vous convient, <a href=\"\/contactez-nous\/\" target=\"_blank\" style=\"font-weight: 400; color: #ea002a; text-decoration: none;\" onmouseover=\"this.style.color='#333333';\" onmouseout=\"this.style.color='#ea002a';\" onmousedown=\"this.style.color='#222222';\" onmouseup=\"this.style.color='#ea002a';\">contactez-nous<\/a>, et nous ferons de notre mieux pour organiser un rendez-vous selon votre calendrier.<\/p>\n                            <\/div>\n            \t\t\t\t<\/div>\n\t\t\t\t<\/div>\n\t\t\t\t\t<\/div>\n\t\t\t\t<\/div>\n\t\t\t\t<\/div>\n\t\t","protected":false},"excerpt":{"rendered":"<p>R\u00e9servez votre consultation immobili\u00e8re gratuite,sans aucune obligation de votre part D\u00e9couvrez comment notre expertise peut vous aider \u00e0 naviguer sur le march\u00e9 de l&#8217;immobilier en toute confiance. Que vous achetiez, vendiez ou exploriez simplement vos options, nous sommes l\u00e0 pour vous fournir des conseils personnalis\u00e9s, adapt\u00e9s \u00e0 vos besoins, et ce, gratuitement et sans aucune [&hellip;]<\/p>\n","protected":false},"author":1,"featured_media":24436,"parent":0,"menu_order":0,"comment_status":"closed","ping_status":"closed","template":"","meta":{"nf_dc_page":"","content-type":"","_monsterinsights_skip_tracking":false,"_monsterinsights_sitenote_active":false,"_monsterinsights_sitenote_note":"","_monsterinsights_sitenote_category":0,"footnotes":""},"class_list":["post-22613","page","type-page","status-publish","has-post-thumbnail","hentry"],"yoast_head":"<!-- This site is optimized with the Yoast SEO Premium plugin v26.7 (Yoast SEO v27.2) - https:\/\/yoast.com\/product\/yoast-seo-premium-wordpress\/ -->\n<title>Consultation immobili\u00e8re | \u00c9quipe Han + Adib<\/title>\n<meta name=\"robots\" content=\"index, follow, max-snippet:-1, max-image-preview:large, max-video-preview:-1\" \/>\n<link rel=\"canonical\" href=\"https:\/\/immo1.ca\/fr\/consultation-immobiliere\/\" \/>\n<meta property=\"og:locale\" content=\"fr_FR\" \/>\n<meta property=\"og:type\" content=\"article\" \/>\n<meta property=\"og:title\" content=\"Consultation immobili\u00e8re\" \/>\n<meta property=\"og:description\" content=\"R\u00e9servez votre consultation immobili\u00e8re gratuite,sans aucune obligation de votre part D\u00e9couvrez comment notre expertise peut vous aider \u00e0 naviguer sur le march\u00e9 de l&#8217;immobilier en toute confiance. Que vous achetiez, vendiez ou exploriez simplement vos options, nous sommes l\u00e0 pour vous fournir des conseils personnalis\u00e9s, adapt\u00e9s \u00e0 vos besoins, et ce, gratuitement et sans aucune [&hellip;]\" \/>\n<meta property=\"og:url\" content=\"https:\/\/immo1.ca\/fr\/consultation-immobiliere\/\" \/>\n<meta property=\"og:site_name\" content=\"\u00c9quipe Han + Adib\" \/>\n<meta property=\"article:publisher\" content=\"https:\/\/www.facebook.com\/equipe.immo1\" \/>\n<meta property=\"article:modified_time\" content=\"2025-06-03T14:19:01+00:00\" \/>\n<meta property=\"og:image\" content=\"https:\/\/immo1.ca\/wp-content\/uploads\/2025\/06\/immo1-courtiers-immobiliers-multiprimes-a-montreal.webp\" \/>\n\t<meta property=\"og:image:width\" content=\"1428\" \/>\n\t<meta property=\"og:image:height\" content=\"630\" \/>\n\t<meta property=\"og:image:type\" content=\"image\/webp\" \/>\n<meta name=\"twitter:card\" content=\"summary_large_image\" \/>\n<meta name=\"twitter:label1\" content=\"Dur\u00e9e de lecture estim\u00e9e\" \/>\n\t<meta name=\"twitter:data1\" content=\"1 minute\" \/>\n<script type=\"application\/ld+json\" class=\"yoast-schema-graph\">{\"@context\":\"https:\/\/schema.org\",\"@graph\":[{\"@type\":\"WebPage\",\"@id\":\"https:\/\/immo1.ca\/fr\/consultation-immobiliere\/\",\"url\":\"https:\/\/immo1.ca\/fr\/consultation-immobiliere\/\",\"name\":\"Consultation immobili\u00e8re | \u00c9quipe Han + Adib\",\"isPartOf\":{\"@id\":\"https:\/\/immo1.ca\/fr\/#website\"},\"primaryImageOfPage\":{\"@id\":\"https:\/\/immo1.ca\/fr\/consultation-immobiliere\/#primaryimage\"},\"image\":{\"@id\":\"https:\/\/immo1.ca\/fr\/consultation-immobiliere\/#primaryimage\"},\"thumbnailUrl\":\"https:\/\/immo1.ca\/wp-content\/uploads\/2025\/06\/immo1-courtiers-immobiliers-multiprimes-a-montreal.webp\",\"datePublished\":\"2024-11-29T02:50:01+00:00\",\"dateModified\":\"2025-06-03T14:19:01+00:00\",\"breadcrumb\":{\"@id\":\"https:\/\/immo1.ca\/fr\/consultation-immobiliere\/#breadcrumb\"},\"inLanguage\":\"fr-FR\",\"potentialAction\":[{\"@type\":\"ReadAction\",\"target\":[\"https:\/\/immo1.ca\/fr\/consultation-immobiliere\/\"]}]},{\"@type\":\"ImageObject\",\"inLanguage\":\"fr-FR\",\"@id\":\"https:\/\/immo1.ca\/fr\/consultation-immobiliere\/#primaryimage\",\"url\":\"https:\/\/immo1.ca\/wp-content\/uploads\/2025\/06\/immo1-courtiers-immobiliers-multiprimes-a-montreal.webp\",\"contentUrl\":\"https:\/\/immo1.ca\/wp-content\/uploads\/2025\/06\/immo1-courtiers-immobiliers-multiprimes-a-montreal.webp\",\"width\":1428,\"height\":630},{\"@type\":\"BreadcrumbList\",\"@id\":\"https:\/\/immo1.ca\/fr\/consultation-immobiliere\/#breadcrumb\",\"itemListElement\":[{\"@type\":\"ListItem\",\"position\":1,\"name\":\"Home\",\"item\":\"https:\/\/immo1.ca\/fr\/\"},{\"@type\":\"ListItem\",\"position\":2,\"name\":\"Consultation immobili\u00e8re\"}]},{\"@type\":\"WebSite\",\"@id\":\"https:\/\/immo1.ca\/fr\/#website\",\"url\":\"https:\/\/immo1.ca\/fr\/\",\"name\":\"IMMO1 \u2013 Courtiers immobiliers \u00e0 Montr\u00e9al | Montreal Real Estate\",\"description\":\"Courtiers immobiliers multiprim\u00e9s \u00e0 Montr\u00e9al\",\"publisher\":{\"@id\":\"https:\/\/immo1.ca\/fr\/#organization\"},\"alternateName\":\"IMMO1\",\"potentialAction\":[{\"@type\":\"SearchAction\",\"target\":{\"@type\":\"EntryPoint\",\"urlTemplate\":\"https:\/\/immo1.ca\/fr\/?s={search_term_string}\"},\"query-input\":{\"@type\":\"PropertyValueSpecification\",\"valueRequired\":true,\"valueName\":\"search_term_string\"}}],\"inLanguage\":\"fr-FR\"},{\"@type\":[\"Organization\",\"Place\",\"RealEstateAgent\"],\"@id\":\"https:\/\/immo1.ca\/fr\/#organization\",\"name\":\"\u00c9quipe IMMO1 Team\",\"alternateName\":\"IMMO 1\",\"url\":\"https:\/\/immo1.ca\/fr\/\",\"logo\":{\"@id\":\"https:\/\/immo1.ca\/fr\/consultation-immobiliere\/#local-main-organization-logo\"},\"image\":{\"@id\":\"https:\/\/immo1.ca\/fr\/consultation-immobiliere\/#local-main-organization-logo\"},\"sameAs\":[\"https:\/\/www.facebook.com\/equipe.immo1\",\"https:\/\/www.instagram.com\/equipe.immo1\",\"https:\/\/www.youtube.com\/@equipe.immo1\",\"https:\/\/www.linkedin.com\/company\/equipe-immo1\",\"https:\/\/www.tiktok.com\/@equipe.immo1\"],\"description\":\"We are a dynamic team of real estate brokers with over 20 years of experience and a passion for helping people sell, buy, invest or lease their homes at the best price, in the shortest time, and in optimum conditions - Worry-free!\",\"address\":{\"@id\":\"https:\/\/immo1.ca\/fr\/consultation-immobiliere\/#local-main-place-address\"},\"geo\":{\"@type\":\"GeoCoordinates\",\"latitude\":\"45.48211\",\"longitude\":\"-73.69748\"},\"telephone\":[\"+1 (438) 900-8880\"],\"contactPoint\":{\"@type\":\"ContactPoint\",\"telephone\":\"+1 (514) 224-7754\",\"email\":\"adib@immo1.ca\"},\"openingHoursSpecification\":[{\"@type\":\"OpeningHoursSpecification\",\"dayOfWeek\":[\"Monday\",\"Tuesday\",\"Wednesday\",\"Thursday\",\"Friday\"],\"opens\":\"08:00\",\"closes\":\"21:00\"},{\"@type\":\"OpeningHoursSpecification\",\"dayOfWeek\":[\"Saturday\"],\"opens\":\"09:00\",\"closes\":\"12:00\"},{\"@type\":\"OpeningHoursSpecification\",\"dayOfWeek\":[\"Sunday\"],\"opens\":\"12:00\",\"closes\":\"17:00\"}],\"email\":\"info@immo1.ca\",\"areaServed\":\"Greater Montreal\"},{\"@type\":\"PostalAddress\",\"@id\":\"https:\/\/immo1.ca\/fr\/consultation-immobiliere\/#local-main-place-address\",\"streetAddress\":\"6971 C\u00f4te-de-Liesse Rd\",\"addressLocality\":\"Montreal\",\"postalCode\":\"H4T 1Z3\",\"addressRegion\":\"Quebec\",\"addressCountry\":\"CA\"},{\"@type\":\"ImageObject\",\"inLanguage\":\"fr-FR\",\"@id\":\"https:\/\/immo1.ca\/fr\/consultation-immobiliere\/#local-main-organization-logo\",\"url\":\"https:\/\/immo1.ca\/wp-content\/uploads\/2025\/06\/IMMO1-Icon-WR.svg\",\"contentUrl\":\"https:\/\/immo1.ca\/wp-content\/uploads\/2025\/06\/IMMO1-Icon-WR.svg\",\"width\":512,\"height\":512,\"caption\":\"\u00c9quipe IMMO1 Team\"}]}<\/script>\n<meta name=\"geo.placename\" content=\"Montreal\" \/>\n<meta name=\"geo.position\" content=\"45.48211;-73.69748\" \/>\n<meta name=\"geo.region\" content=\"Canada\" \/>\n<!-- \/ Yoast SEO Premium plugin. -->","yoast_head_json":{"title":"Consultation immobili\u00e8re | \u00c9quipe Han + Adib","robots":{"index":"index","follow":"follow","max-snippet":"max-snippet:-1","max-image-preview":"max-image-preview:large","max-video-preview":"max-video-preview:-1"},"canonical":"https:\/\/immo1.ca\/fr\/consultation-immobiliere\/","og_locale":"fr_FR","og_type":"article","og_title":"Consultation immobili\u00e8re","og_description":"R\u00e9servez votre consultation immobili\u00e8re gratuite,sans aucune obligation de votre part D\u00e9couvrez comment notre expertise peut vous aider \u00e0 naviguer sur le march\u00e9 de l&#8217;immobilier en toute confiance. Que vous achetiez, vendiez ou exploriez simplement vos options, nous sommes l\u00e0 pour vous fournir des conseils personnalis\u00e9s, adapt\u00e9s \u00e0 vos besoins, et ce, gratuitement et sans aucune [&hellip;]","og_url":"https:\/\/immo1.ca\/fr\/consultation-immobiliere\/","og_site_name":"\u00c9quipe Han + Adib","article_publisher":"https:\/\/www.facebook.com\/equipe.immo1","article_modified_time":"2025-06-03T14:19:01+00:00","og_image":[{"width":1428,"height":630,"url":"https:\/\/immo1.ca\/wp-content\/uploads\/2025\/06\/immo1-courtiers-immobiliers-multiprimes-a-montreal.webp","type":"image\/webp"}],"twitter_card":"summary_large_image","twitter_misc":{"Dur\u00e9e de lecture estim\u00e9e":"1 minute"},"schema":{"@context":"https:\/\/schema.org","@graph":[{"@type":"WebPage","@id":"https:\/\/immo1.ca\/fr\/consultation-immobiliere\/","url":"https:\/\/immo1.ca\/fr\/consultation-immobiliere\/","name":"Consultation immobili\u00e8re | \u00c9quipe Han + Adib","isPartOf":{"@id":"https:\/\/immo1.ca\/fr\/#website"},"primaryImageOfPage":{"@id":"https:\/\/immo1.ca\/fr\/consultation-immobiliere\/#primaryimage"},"image":{"@id":"https:\/\/immo1.ca\/fr\/consultation-immobiliere\/#primaryimage"},"thumbnailUrl":"https:\/\/immo1.ca\/wp-content\/uploads\/2025\/06\/immo1-courtiers-immobiliers-multiprimes-a-montreal.webp","datePublished":"2024-11-29T02:50:01+00:00","dateModified":"2025-06-03T14:19:01+00:00","breadcrumb":{"@id":"https:\/\/immo1.ca\/fr\/consultation-immobiliere\/#breadcrumb"},"inLanguage":"fr-FR","potentialAction":[{"@type":"ReadAction","target":["https:\/\/immo1.ca\/fr\/consultation-immobiliere\/"]}]},{"@type":"ImageObject","inLanguage":"fr-FR","@id":"https:\/\/immo1.ca\/fr\/consultation-immobiliere\/#primaryimage","url":"https:\/\/immo1.ca\/wp-content\/uploads\/2025\/06\/immo1-courtiers-immobiliers-multiprimes-a-montreal.webp","contentUrl":"https:\/\/immo1.ca\/wp-content\/uploads\/2025\/06\/immo1-courtiers-immobiliers-multiprimes-a-montreal.webp","width":1428,"height":630},{"@type":"BreadcrumbList","@id":"https:\/\/immo1.ca\/fr\/consultation-immobiliere\/#breadcrumb","itemListElement":[{"@type":"ListItem","position":1,"name":"Home","item":"https:\/\/immo1.ca\/fr\/"},{"@type":"ListItem","position":2,"name":"Consultation immobili\u00e8re"}]},{"@type":"WebSite","@id":"https:\/\/immo1.ca\/fr\/#website","url":"https:\/\/immo1.ca\/fr\/","name":"IMMO1 \u2013 Courtiers immobiliers \u00e0 Montr\u00e9al | Montreal Real Estate","description":"Courtiers immobiliers multiprim\u00e9s \u00e0 Montr\u00e9al","publisher":{"@id":"https:\/\/immo1.ca\/fr\/#organization"},"alternateName":"IMMO1","potentialAction":[{"@type":"SearchAction","target":{"@type":"EntryPoint","urlTemplate":"https:\/\/immo1.ca\/fr\/?s={search_term_string}"},"query-input":{"@type":"PropertyValueSpecification","valueRequired":true,"valueName":"search_term_string"}}],"inLanguage":"fr-FR"},{"@type":["Organization","Place","RealEstateAgent"],"@id":"https:\/\/immo1.ca\/fr\/#organization","name":"\u00c9quipe IMMO1 Team","alternateName":"IMMO 1","url":"https:\/\/immo1.ca\/fr\/","logo":{"@id":"https:\/\/immo1.ca\/fr\/consultation-immobiliere\/#local-main-organization-logo"},"image":{"@id":"https:\/\/immo1.ca\/fr\/consultation-immobiliere\/#local-main-organization-logo"},"sameAs":["https:\/\/www.facebook.com\/equipe.immo1","https:\/\/www.instagram.com\/equipe.immo1","https:\/\/www.youtube.com\/@equipe.immo1","https:\/\/www.linkedin.com\/company\/equipe-immo1","https:\/\/www.tiktok.com\/@equipe.immo1"],"description":"We are a dynamic team of real estate brokers with over 20 years of experience and a passion for helping people sell, buy, invest or lease their homes at the best price, in the shortest time, and in optimum conditions - Worry-free!","address":{"@id":"https:\/\/immo1.ca\/fr\/consultation-immobiliere\/#local-main-place-address"},"geo":{"@type":"GeoCoordinates","latitude":"45.48211","longitude":"-73.69748"},"telephone":["+1 (438) 900-8880"],"contactPoint":{"@type":"ContactPoint","telephone":"+1 (514) 224-7754","email":"adib@immo1.ca"},"openingHoursSpecification":[{"@type":"OpeningHoursSpecification","dayOfWeek":["Monday","Tuesday","Wednesday","Thursday","Friday"],"opens":"08:00","closes":"21:00"},{"@type":"OpeningHoursSpecification","dayOfWeek":["Saturday"],"opens":"09:00","closes":"12:00"},{"@type":"OpeningHoursSpecification","dayOfWeek":["Sunday"],"opens":"12:00","closes":"17:00"}],"email":"info@immo1.ca","areaServed":"Greater Montreal"},{"@type":"PostalAddress","@id":"https:\/\/immo1.ca\/fr\/consultation-immobiliere\/#local-main-place-address","streetAddress":"6971 C\u00f4te-de-Liesse Rd","addressLocality":"Montreal","postalCode":"H4T 1Z3","addressRegion":"Quebec","addressCountry":"CA"},{"@type":"ImageObject","inLanguage":"fr-FR","@id":"https:\/\/immo1.ca\/fr\/consultation-immobiliere\/#local-main-organization-logo","url":"https:\/\/immo1.ca\/wp-content\/uploads\/2025\/06\/IMMO1-Icon-WR.svg","contentUrl":"https:\/\/immo1.ca\/wp-content\/uploads\/2025\/06\/IMMO1-Icon-WR.svg","width":512,"height":512,"caption":"\u00c9quipe IMMO1 Team"}]},"geo.placename":"Montreal","geo.position":{"lat":"45.48211","long":"-73.69748"},"geo.region":"Canada"},"_links":{"self":[{"href":"https:\/\/immo1.ca\/fr\/wp-json\/wp\/v2\/pages\/22613","targetHints":{"allow":["GET"]}}],"collection":[{"href":"https:\/\/immo1.ca\/fr\/wp-json\/wp\/v2\/pages"}],"about":[{"href":"https:\/\/immo1.ca\/fr\/wp-json\/wp\/v2\/types\/page"}],"author":[{"embeddable":true,"href":"https:\/\/immo1.ca\/fr\/wp-json\/wp\/v2\/users\/1"}],"replies":[{"embeddable":true,"href":"https:\/\/immo1.ca\/fr\/wp-json\/wp\/v2\/comments?post=22613"}],"version-history":[{"count":0,"href":"https:\/\/immo1.ca\/fr\/wp-json\/wp\/v2\/pages\/22613\/revisions"}],"wp:featuredmedia":[{"embeddable":true,"href":"https:\/\/immo1.ca\/fr\/wp-json\/wp\/v2\/media\/24436"}],"wp:attachment":[{"href":"https:\/\/immo1.ca\/fr\/wp-json\/wp\/v2\/media?parent=22613"}],"curies":[{"name":"wp","href":"https:\/\/api.w.org\/{rel}","templated":true}]}}